{"id":53,"date":"2023-02-03T18:32:09","date_gmt":"2023-02-03T15:32:09","guid":{"rendered":"https:\/\/demoxml.com\/wp\/vosio\/?page_id=53"},"modified":"2023-08-04T13:15:27","modified_gmt":"2023-08-04T10:15:27","slug":"iletisim","status":"publish","type":"page","link":"https:\/\/yandu.com.tr\/index.php\/iletisim\/","title":{"rendered":"\u0130leti\u015fim"},"content":{"rendered":"\t\t<div data-elementor-type=\"wp-page\" data-elementor-id=\"53\" class=\"elementor elementor-53\">\n\t\t\t\t\t\t<section class=\"elementor-section elementor-top-section elementor-element elementor-element-5100e34 elementor-section-full_width elementor-section-height-default elementor-section-height-default\" data-id=\"5100e34\" data-element_type=\"section\">\n\t\t\t\t\t\t<div class=\"elementor-container elementor-column-gap-default\">\n\t\t\t\t\t<div class=\"elementor-column elementor-col-100 elementor-top-column elementor-element elementor-element-39a5e45\" data-id=\"39a5e45\" data-element_type=\"column\">\n\t\t\t<div class=\"elementor-widget-wrap elementor-element-populated\">\n\t\t\t\t\t\t<div class=\"elementor-element elementor-element-e652144 elementor-widget elementor-widget-vosio_contact_us\" data-id=\"e652144\" data-element_type=\"widget\" data-widget_type=\"vosio_contact_us.default\">\n\t\t\t\t<div class=\"elementor-widget-container\">\n\t\t\t\t\t\t\r\n    <!--Contact Section-->\r\n    <section class=\"contact-section\">\r\n        <div class=\"auto-container\">\r\n                        <div class=\"def-title-box\">\r\n                <div class=\"patt\"><span><\/span><\/div>\r\n                <div class=\"subtitle\">Bize Ula\u015f\u0131n<\/div>                <h3>\u0130leti\u015fim<\/h3>            <\/div>\r\n                                    <div class=\"info-box\">\r\n                <div class=\"row clearfix\">\r\n                                        <!--Block-->\r\n                    <div class=\"info-block col-xl-4 col-lg-4 col-md-6 col-sm-12\">\r\n                        <div class=\"inner-box\">\r\n                            <div class=\"inner\">\r\n                                <div class=\"icon-box\"><i class=\"fas fa-phone-alt\"><\/i><\/div>\r\n                                <h5>\u0130leti\u015fim<\/h5>\r\n                                                                <div class=\"info\"><a href=\"tel:+90 532 337 07 78\">+90 532 337 07 78<\/a><\/div>\r\n                                                            <\/div>\r\n                        <\/div>\r\n                    <\/div>\r\n                                        <!--Block-->\r\n                    <div class=\"info-block col-xl-4 col-lg-4 col-md-6 col-sm-12\">\r\n                        <div class=\"inner-box\">\r\n                            <div class=\"inner\">\r\n                                <div class=\"icon-box\"><i class=\"far fa-clock\"><\/i><\/div>\r\n                                <h5>\u00c7al\u0131\u015fma Saatleri<\/h5>\r\n                                                                <div class=\"info\">Pazartesi - Cuma  \/  09:00-18:00<\/a><\/div>\r\n                                                            <\/div>\r\n                        <\/div>\r\n                    <\/div>\r\n                                        <!--Block-->\r\n                    <div class=\"info-block col-xl-4 col-lg-4 col-md-6 col-sm-12\">\r\n                        <div class=\"inner-box\">\r\n                            <div class=\"inner\">\r\n                                <div class=\"icon-box\"><i class=\"fas fa-map-marker-alt\"><\/i><\/div>\r\n                                <h5>Adres<\/h5>\r\n                                                                <div class=\"info\">Atat\u00fcrk Mahallesi \u0130kitelli Caddesi No:149 K\u00fc\u00e7\u00fck\u00e7ekmece - \u0130stanbul <\/a><\/div>\r\n                                                            <\/div>\r\n                        <\/div>\r\n                    <\/div>\r\n                                    <\/div>\r\n            <\/div>\r\n            \t\t\t            <div class=\"contact-box\">\r\n                <div class=\"row clearfix\">\r\n                    <div class=\"form-col col-xl-8 col-lg-12 col-md-12 col-sm-12\">\r\n                        <h5>Mesaj G\u00f6nder<\/h5>                                                <div class=\"contact-form\">\r\n                            \n<div class=\"wpcf7 no-js\" id=\"wpcf7-f76-o1\" lang=\"en-US\" dir=\"ltr\" data-wpcf7-id=\"76\">\n<div class=\"screen-reader-response\"><p role=\"status\" aria-live=\"polite\" aria-atomic=\"true\"><\/p> <ul><\/ul><\/div>\n<form action=\"\/index.php\/wp-json\/wp\/v2\/pages\/53#wpcf7-f76-o1\" method=\"post\" class=\"wpcf7-form init\" aria-label=\"Contact form\" novalidate=\"novalidate\" data-status=\"init\">\n<div style=\"display: none;\">\n<input type=\"hidden\" name=\"_wpcf7\" value=\"76\" \/>\n<input type=\"hidden\" name=\"_wpcf7_version\" value=\"6.0.4\" \/>\n<input type=\"hidden\" name=\"_wpcf7_locale\" value=\"en_US\" \/>\n<input type=\"hidden\" name=\"_wpcf7_unit_tag\" value=\"wpcf7-f76-o1\" \/>\n<input type=\"hidden\" name=\"_wpcf7_container_post\" value=\"0\" \/>\n<input type=\"hidden\" name=\"_wpcf7_posted_data_hash\" value=\"\" \/>\n<\/div>\n<div class=\"row clearfix\">\n\t<div class=\"inner-col col-lg-6 col-md-6 col-sm-12\">\n\t\t<div class=\"form-group\">\n\t\t\t<div class=\"field-label\">\n\t\t\t\t<p><span class=\"icon fa fa-user\"><\/span> Ad\u0131\u0131 Soyad\u0131\n\t\t\t\t<\/p>\n\t\t\t<\/div>\n\t\t\t<div class=\"field-inner\">\n\t\t\t\t<p><span class=\"wpcf7-form-control-wrap\" data-name=\"text-724\"><input size=\"40\" maxlength=\"400\" class=\"wpcf7-form-control wpcf7-text wpcf7-validates-as-required\" aria-required=\"true\" aria-invalid=\"false\" value=\"\" type=\"text\" name=\"text-724\" \/><\/span><i class=\"dot\"><\/i>\n\t\t\t\t<\/p>\n\t\t\t<\/div>\n\t\t<\/div>\n\t\t<div class=\"form-group\">\n\t\t\t<div class=\"field-label\">\n\t\t\t\t<p><span class=\"icon far fa-envelope\"><\/span> E-mail\n\t\t\t\t<\/p>\n\t\t\t<\/div>\n\t\t\t<div class=\"field-inner\">\n\t\t\t\t<p><span class=\"wpcf7-form-control-wrap\" data-name=\"email-793\"><input size=\"40\" maxlength=\"400\" class=\"wpcf7-form-control wpcf7-email wpcf7-validates-as-required wpcf7-text wpcf7-validates-as-email\" aria-required=\"true\" aria-invalid=\"false\" value=\"\" type=\"email\" name=\"email-793\" \/><\/span><i class=\"dot\"><\/i>\n\t\t\t\t<\/p>\n\t\t\t<\/div>\n\t\t<\/div>\n\t\t<div class=\"form-group\">\n\t\t\t<div class=\"field-label\">\n\t\t\t\t<p><span class=\"icon far fa-link\"><\/span> Website\n\t\t\t\t<\/p>\n\t\t\t<\/div>\n\t\t\t<div class=\"field-inner\">\n\t\t\t\t<p><span class=\"wpcf7-form-control-wrap\" data-name=\"text-725\"><input size=\"40\" maxlength=\"400\" class=\"wpcf7-form-control wpcf7-text wpcf7-validates-as-required\" aria-required=\"true\" aria-invalid=\"false\" value=\"\" type=\"text\" name=\"text-725\" \/><\/span><i class=\"dot\"><\/i>\n\t\t\t\t<\/p>\n\t\t\t<\/div>\n\t\t<\/div>\n\t<\/div>\n\t<div class=\"inner-col col-lg-6 col-md-6 col-sm-12\">\n\t\t<div class=\"form-group\">\n\t\t\t<div class=\"field-label\">\n\t\t\t\t<p>Mesaj\u0131n\u0131z\n\t\t\t\t<\/p>\n\t\t\t<\/div>\n\t\t\t<div class=\"field-inner\">\n\t\t\t\t<p><span class=\"wpcf7-form-control-wrap\" data-name=\"textarea-967\"><textarea cols=\"40\" rows=\"10\" maxlength=\"2000\" class=\"wpcf7-form-control wpcf7-textarea wpcf7-validates-as-required\" aria-required=\"true\" aria-invalid=\"false\" name=\"textarea-967\"><\/textarea><\/span><i class=\"dot\"><\/i>\n\t\t\t\t<\/p>\n\t\t\t<\/div>\n\t\t<\/div>\n\t\t<div class=\"form-group\">\n\t\t\t<p><button type=\"submit\" class=\"theme-btn btn-style-two\"><span>Mesaj\u0131 G\u00f6nder<\/span><\/button>\n\t\t\t<\/p>\n\t\t<\/div>\n\t<\/div>\n<\/div><div class=\"wpcf7-response-output\" aria-hidden=\"true\"><\/div>\n<\/form>\n<\/div>\n                        <\/div>\r\n                                            <\/div>\r\n\t\t\t\t\t                    <div class=\"map-col col-xl-4 col-lg-12 col-md-12 col-sm-12\">\r\n                        <div class=\"inner\">\r\n                            <div class=\"map-box\"><iframe src=\"https:\/\/www.google.com\/maps\/embed?pb=!1m18!1m12!1m3!1d458.23987713014105!2d28.796026876763364!3d41.052112793036144!2m3!1f0!2f0!3f0!3m2!1i1024!2i768!4f13.1!3m3!1m2!1s0x14caa526b45aac73%3A0x4d2a1e35d5b4e3e7!2zWcSxbGTEsXogRGF2ZXQgU2Fsb251!5e0!3m2!1str!2str!4v1690548026780!5m2!1str!2str\" width=\"600\" height=\"450\" style=\"border:0;\" allowfullscreen=\"\" loading=\"lazy\" referrerpolicy=\"no-referrer-when-downgrade\"><\/iframe><\/div>\r\n                        <\/div>\r\n                    <\/div>\r\n                                    <\/div>\r\n            <\/div>\r\n                    <\/div>\r\n    <\/section>\r\n                     \r\n        \t\t\t\t<\/div>\n\t\t\t\t<\/div>\n\t\t\t\t\t<\/div>\n\t\t<\/div>\n\t\t\t\t\t<\/div>\n\t\t<\/section>\n\t\t\t\t<\/div>\n\t\t","protected":false},"excerpt":{"rendered":"<p>Bize Ula\u015f\u0131n \u0130leti\u015fim \u0130leti\u015fim +90 532 337 07 78 \u00c7al\u0131\u015fma Saatleri Pazartesi &#8211; Cuma \/ 09:00-18:00 Adres Atat\u00fcrk Mahallesi \u0130kitelli Caddesi No:149 K\u00fc\u00e7\u00fck\u00e7ekmece &#8211; \u0130stanbul Mesaj G\u00f6nder Ad\u0131\u0131 Soyad\u0131 E-mail Website Mesaj\u0131n\u0131z Mesaj\u0131 G\u00f6nder<\/p>\n","protected":false},"author":1,"featured_media":0,"parent":0,"menu_order":0,"comment_status":"closed","ping_status":"closed","template":"tpl-default-elementor.php","meta":{"footnotes":""},"class_list":["post-53","page","type-page","status-publish","hentry"],"_links":{"self":[{"href":"https:\/\/yandu.com.tr\/index.php\/wp-json\/wp\/v2\/pages\/53","targetHints":{"allow":["GET"]}}],"collection":[{"href":"https:\/\/yandu.com.tr\/index.php\/wp-json\/wp\/v2\/pages"}],"about":[{"href":"https:\/\/yandu.com.tr\/index.php\/wp-json\/wp\/v2\/types\/page"}],"author":[{"embeddable":true,"href":"https:\/\/yandu.com.tr\/index.php\/wp-json\/wp\/v2\/users\/1"}],"replies":[{"embeddable":true,"href":"https:\/\/yandu.com.tr\/index.php\/wp-json\/wp\/v2\/comments?post=53"}],"version-history":[{"count":7,"href":"https:\/\/yandu.com.tr\/index.php\/wp-json\/wp\/v2\/pages\/53\/revisions"}],"predecessor-version":[{"id":1381,"href":"https:\/\/yandu.com.tr\/index.php\/wp-json\/wp\/v2\/pages\/53\/revisions\/1381"}],"wp:attachment":[{"href":"https:\/\/yandu.com.tr\/index.php\/wp-json\/wp\/v2\/media?parent=53"}],"curies":[{"name":"wp","href":"https:\/\/api.w.org\/{rel}","templated":true}]}}