{"id":46,"date":"2023-02-03T18:24:31","date_gmt":"2023-02-03T15:24:31","guid":{"rendered":"https:\/\/demoxml.com\/wp\/vosio\/?page_id=46"},"modified":"2024-10-05T22:12:02","modified_gmt":"2024-10-05T19:12:02","slug":"hakkimizda","status":"publish","type":"page","link":"https:\/\/yandu.com.tr\/index.php\/hakkimizda\/","title":{"rendered":"Hakk\u0131m\u0131zda"},"content":{"rendered":"\t\t<div data-elementor-type=\"wp-page\" data-elementor-id=\"46\" class=\"elementor elementor-46\">\n\t\t\t\t\t\t<section class=\"elementor-section elementor-top-section elementor-element elementor-element-61ca0e2 elementor-section-full_width elementor-section-height-default elementor-section-height-default\" data-id=\"61ca0e2\" data-element_type=\"section\">\n\t\t\t\t\t\t<div class=\"elementor-container elementor-column-gap-default\">\n\t\t\t\t\t<div class=\"elementor-column elementor-col-100 elementor-top-column elementor-element elementor-element-c23d19c\" data-id=\"c23d19c\" data-element_type=\"column\">\n\t\t\t<div class=\"elementor-widget-wrap elementor-element-populated\">\n\t\t\t\t\t\t<div class=\"elementor-element elementor-element-44b915c elementor-widget elementor-widget-vosio_our_services\" data-id=\"44b915c\" data-element_type=\"widget\" data-widget_type=\"vosio_our_services.default\">\n\t\t\t\t<div class=\"elementor-widget-container\">\n\t\t\t\t\t\t\t\r\n    <!--Services Section-->\r\n    <section class=\"services-section\">\r\n        <div class=\"auto-container\">\r\n                        <div class=\"def-title-box\">\r\n                <div class=\"patt\"><span><\/span><\/div>\r\n                <div class=\"subtitle\">Kreatif Servislerimiz<\/div>                <h3>Profesyonel Hizmetler<\/h3>            <\/div>\r\n                        <div class=\"services\">\r\n                <div class=\"row clearfix\">\r\n                                        <!--Block-->\r\n                    <div class=\"service-block col-xl-4 col-lg-6 col-md-6 col-sm-12\">\r\n                        <div class=\"inner-box\">\r\n                            <div class=\"inner\">\r\n                                <div class=\"icon-box\"><i class=\"fas fa-tv\"><\/i><\/div>\r\n                                <h5>Web Tasar\u0131m<\/h5>\r\n                                <div class=\"text\">Web Tasar\u0131m ve Sosyal Medya Dan\u0131\u015fmanl\u0131\u011f\u0131<\/div>\r\n                                <div class=\"link-box\"><a href=\"https:\/\/yandu.com.tr\"><span class=\"far fa-angle-right\"><\/span><\/a><\/div>\r\n                            <\/div>\r\n                        <\/div>\r\n                    <\/div>\r\n                                        <!--Block-->\r\n                    <div class=\"service-block col-xl-4 col-lg-6 col-md-6 col-sm-12\">\r\n                        <div class=\"inner-box\">\r\n                            <div class=\"inner\">\r\n                                <div class=\"icon-box\"><i class=\"fas fa-check-square\"><\/i><\/div>\r\n                                <h5>Giyim<\/h5>\r\n                                <div class=\"text\">Pop\u00fcler ve Trend Giyim<\/div>\r\n                                <div class=\"link-box\"><a href=\"https:\/\/atakentluxury.com\"><span class=\"far fa-angle-right\"><\/span><\/a><\/div>\r\n                            <\/div>\r\n                        <\/div>\r\n                    <\/div>\r\n                                        <!--Block-->\r\n                    <div class=\"service-block col-xl-4 col-lg-6 col-md-6 col-sm-12\">\r\n                        <div class=\"inner-box\">\r\n                            <div class=\"inner\">\r\n                                <div class=\"icon-box\"><i class=\"far fa-newspaper\"><\/i><\/div>\r\n                                <h5>Haber<\/h5>\r\n                                <div class=\"text\">Online Haber Sitesi<\/div>\r\n                                <div class=\"link-box\"><a href=\"https:\/\/olayyerindeyim.com\"><span class=\"far fa-angle-right\"><\/span><\/a><\/div>\r\n                            <\/div>\r\n                        <\/div>\r\n                    <\/div>\r\n                                        <!--Block-->\r\n                    <div class=\"service-block col-xl-4 col-lg-6 col-md-6 col-sm-12\">\r\n                        <div class=\"inner-box\">\r\n                            <div class=\"inner\">\r\n                                <div class=\"icon-box\"><i class=\"fab fa-markdown\"><\/i><\/div>\r\n                                <h5>Marketing<\/h5>\r\n                                <div class=\"text\">Sat\u0131c\u0131 Ol Kazanan Ol<\/div>\r\n                                <div class=\"link-box\"><a href=\"https:\/\/sensatsenkazan.com\"><span class=\"far fa-angle-right\"><\/span><\/a><\/div>\r\n                            <\/div>\r\n                        <\/div>\r\n                    <\/div>\r\n                                        <!--Block-->\r\n                    <div class=\"service-block col-xl-4 col-lg-6 col-md-6 col-sm-12\">\r\n                        <div class=\"inner-box\">\r\n                            <div class=\"inner\">\r\n                                <div class=\"icon-box\"><i class=\"fas fa-cloud-meatball\"><\/i><\/div>\r\n                                <h5>Yemek<\/h5>\r\n                                <div class=\"text\">Bir Birinden Lezzetli Sanswich<\/div>\r\n                                <div class=\"link-box\"><a href=\"http:\/\/www.sandwichbar.com.tr\"><span class=\"far fa-angle-right\"><\/span><\/a><\/div>\r\n                            <\/div>\r\n                        <\/div>\r\n                    <\/div>\r\n                                        <!--Block-->\r\n                    <div class=\"service-block col-xl-4 col-lg-6 col-md-6 col-sm-12\">\r\n                        <div class=\"inner-box\">\r\n                            <div class=\"inner\">\r\n                                <div class=\"icon-box\"><i class=\"fas fa-laptop\"><\/i><\/div>\r\n                                <h5>e-Ticaret<\/h5>\r\n                                <div class=\"text\">Aksesuar Ad\u0131na Her\u015fey Bu Sitede<\/div>\r\n                                <div class=\"link-box\"><a href=\"https:\/\/enzones.com\"><span class=\"far fa-angle-right\"><\/span><\/a><\/div>\r\n                            <\/div>\r\n                        <\/div>\r\n                    <\/div>\r\n                                    <\/div>\r\n            <\/div>\r\n        <\/div>\r\n    <\/section>    \r\n         \r\n   \t\t\t\t\t<\/div>\n\t\t\t\t<\/div>\n\t\t\t\t\t<\/div>\n\t\t<\/div>\n\t\t\t\t\t<\/div>\n\t\t<\/section>\n\t\t\t\t<section class=\"elementor-section elementor-top-section elementor-element elementor-element-3018bdc elementor-section-boxed elementor-section-height-default elementor-section-height-default\" data-id=\"3018bdc\" data-element_type=\"section\">\n\t\t\t\t\t\t<div class=\"elementor-container elementor-column-gap-custom\">\n\t\t\t\t\t<div class=\"elementor-column elementor-col-33 elementor-top-column elementor-element elementor-element-442a190\" data-id=\"442a190\" data-element_type=\"column\">\n\t\t\t<div class=\"elementor-widget-wrap\">\n\t\t\t\t\t\t\t<\/div>\n\t\t<\/div>\n\t\t\t\t<div class=\"elementor-column elementor-col-33 elementor-top-column elementor-element elementor-element-50a3ff9\" data-id=\"50a3ff9\" data-element_type=\"column\">\n\t\t\t<div class=\"elementor-widget-wrap elementor-element-populated\">\n\t\t\t\t\t\t<div class=\"elementor-element elementor-element-faab0aa elementor-widget elementor-widget-image\" data-id=\"faab0aa\" data-element_type=\"widget\" data-widget_type=\"image.default\">\n\t\t\t\t<div class=\"elementor-widget-container\">\n\t\t\t\t\t\t\t\t\t\t\t\t\t\t\t<img decoding=\"async\" width=\"300\" height=\"150\" src=\"https:\/\/yandu.com.tr\/wp-content\/uploads\/2023\/07\/logo-yandu-300x150.png\" class=\"attachment-medium size-medium wp-image-1246\" alt=\"\" srcset=\"https:\/\/yandu.com.tr\/wp-content\/uploads\/2023\/07\/logo-yandu-300x150.png 300w, https:\/\/yandu.com.tr\/wp-content\/uploads\/2023\/07\/logo-yandu.png 709w\" sizes=\"(max-width: 300px) 100vw, 300px\" \/>\t\t\t\t\t\t\t\t\t\t\t\t\t\t\t<\/div>\n\t\t\t\t<\/div>\n\t\t\t\t\t<\/div>\n\t\t<\/div>\n\t\t\t\t<div class=\"elementor-column elementor-col-33 elementor-top-column elementor-element elementor-element-1e79103\" data-id=\"1e79103\" data-element_type=\"column\">\n\t\t\t<div class=\"elementor-widget-wrap\">\n\t\t\t\t\t\t\t<\/div>\n\t\t<\/div>\n\t\t\t\t\t<\/div>\n\t\t<\/section>\n\t\t\t\t<section class=\"elementor-section elementor-top-section elementor-element elementor-element-9864a35 elementor-section-boxed elementor-section-height-default elementor-section-height-default\" data-id=\"9864a35\" data-element_type=\"section\">\n\t\t\t\t\t\t<div class=\"elementor-container elementor-column-gap-default\">\n\t\t\t\t\t<div class=\"elementor-column elementor-col-100 elementor-top-column elementor-element elementor-element-12d560a\" data-id=\"12d560a\" data-element_type=\"column\">\n\t\t\t<div class=\"elementor-widget-wrap elementor-element-populated\">\n\t\t\t\t\t\t<div class=\"elementor-element elementor-element-cc7f111 elementor-widget elementor-widget-heading\" data-id=\"cc7f111\" data-element_type=\"widget\" data-widget_type=\"heading.default\">\n\t\t\t\t<div class=\"elementor-widget-container\">\n\t\t\t\t\t<h2 class=\"elementor-heading-title elementor-size-default\">\u015eirketler Grubu<\/h2>\t\t\t\t<\/div>\n\t\t\t\t<\/div>\n\t\t\t\t\t<\/div>\n\t\t<\/div>\n\t\t\t\t\t<\/div>\n\t\t<\/section>\n\t\t\t\t<section class=\"elementor-section elementor-top-section elementor-element elementor-element-55fcdb5 elementor-section-boxed elementor-section-height-default elementor-section-height-default\" data-id=\"55fcdb5\" data-element_type=\"section\">\n\t\t\t\t\t\t<div class=\"elementor-container elementor-column-gap-custom\">\n\t\t\t\t\t<div class=\"elementor-column elementor-col-25 elementor-top-column elementor-element elementor-element-f2523dd\" data-id=\"f2523dd\" data-element_type=\"column\">\n\t\t\t<div class=\"elementor-widget-wrap elementor-element-populated\">\n\t\t\t\t\t\t<div class=\"elementor-element elementor-element-2e32243 elementor-widget elementor-widget-image\" data-id=\"2e32243\" data-element_type=\"widget\" data-widget_type=\"image.default\">\n\t\t\t\t<div class=\"elementor-widget-container\">\n\t\t\t\t\t\t\t\t\t\t\t\t\t\t\t<img fetchpriority=\"high\" decoding=\"async\" width=\"525\" height=\"295\" src=\"https:\/\/yandu.com.tr\/wp-content\/uploads\/2023\/07\/en4-1024x576.png\" class=\"attachment-large size-large wp-image-1358\" alt=\"\" srcset=\"https:\/\/yandu.com.tr\/wp-content\/uploads\/2023\/07\/en4-1024x576.png 1024w, https:\/\/yandu.com.tr\/wp-content\/uploads\/2023\/07\/en4-300x169.png 300w, https:\/\/yandu.com.tr\/wp-content\/uploads\/2023\/07\/en4-768x432.png 768w, https:\/\/yandu.com.tr\/wp-content\/uploads\/2023\/07\/en4-1536x864.png 1536w, https:\/\/yandu.com.tr\/wp-content\/uploads\/2023\/07\/en4.png 1920w\" sizes=\"(max-width: 525px) 100vw, 525px\" \/>\t\t\t\t\t\t\t\t\t\t\t\t\t\t\t<\/div>\n\t\t\t\t<\/div>\n\t\t\t\t\t<\/div>\n\t\t<\/div>\n\t\t\t\t<div class=\"elementor-column elementor-col-25 elementor-top-column elementor-element elementor-element-a59905f\" data-id=\"a59905f\" data-element_type=\"column\">\n\t\t\t<div class=\"elementor-widget-wrap elementor-element-populated\">\n\t\t\t\t\t\t<div class=\"elementor-element elementor-element-cbe7a26 elementor-widget elementor-widget-image\" data-id=\"cbe7a26\" data-element_type=\"widget\" data-widget_type=\"image.default\">\n\t\t\t\t<div class=\"elementor-widget-container\">\n\t\t\t\t\t\t\t\t\t\t\t\t\t\t\t<img decoding=\"async\" width=\"525\" height=\"295\" src=\"https:\/\/yandu.com.tr\/wp-content\/uploads\/2023\/07\/en2-1024x576.png\" class=\"attachment-large size-large wp-image-1356\" alt=\"\" srcset=\"https:\/\/yandu.com.tr\/wp-content\/uploads\/2023\/07\/en2-1024x576.png 1024w, https:\/\/yandu.com.tr\/wp-content\/uploads\/2023\/07\/en2-300x169.png 300w, https:\/\/yandu.com.tr\/wp-content\/uploads\/2023\/07\/en2-768x432.png 768w, https:\/\/yandu.com.tr\/wp-content\/uploads\/2023\/07\/en2-1536x864.png 1536w, https:\/\/yandu.com.tr\/wp-content\/uploads\/2023\/07\/en2.png 1920w\" sizes=\"(max-width: 525px) 100vw, 525px\" \/>\t\t\t\t\t\t\t\t\t\t\t\t\t\t\t<\/div>\n\t\t\t\t<\/div>\n\t\t\t\t\t<\/div>\n\t\t<\/div>\n\t\t\t\t<div class=\"elementor-column elementor-col-25 elementor-top-column elementor-element elementor-element-2af7ec0\" data-id=\"2af7ec0\" data-element_type=\"column\">\n\t\t\t<div class=\"elementor-widget-wrap elementor-element-populated\">\n\t\t\t\t\t\t<div class=\"elementor-element elementor-element-2d1c515 elementor-widget elementor-widget-image\" data-id=\"2d1c515\" data-element_type=\"widget\" data-widget_type=\"image.default\">\n\t\t\t\t<div class=\"elementor-widget-container\">\n\t\t\t\t\t\t\t\t\t\t\t\t\t\t\t<img loading=\"lazy\" decoding=\"async\" width=\"525\" height=\"295\" src=\"https:\/\/yandu.com.tr\/wp-content\/uploads\/2023\/07\/en5-1024x576.png\" class=\"attachment-large size-large wp-image-1360\" alt=\"\" srcset=\"https:\/\/yandu.com.tr\/wp-content\/uploads\/2023\/07\/en5-1024x576.png 1024w, https:\/\/yandu.com.tr\/wp-content\/uploads\/2023\/07\/en5-300x169.png 300w, https:\/\/yandu.com.tr\/wp-content\/uploads\/2023\/07\/en5-768x432.png 768w, https:\/\/yandu.com.tr\/wp-content\/uploads\/2023\/07\/en5-1536x864.png 1536w, https:\/\/yandu.com.tr\/wp-content\/uploads\/2023\/07\/en5.png 1920w\" sizes=\"(max-width: 525px) 100vw, 525px\" \/>\t\t\t\t\t\t\t\t\t\t\t\t\t\t\t<\/div>\n\t\t\t\t<\/div>\n\t\t\t\t\t<\/div>\n\t\t<\/div>\n\t\t\t\t<div class=\"elementor-column elementor-col-25 elementor-top-column elementor-element elementor-element-004d3ea\" data-id=\"004d3ea\" data-element_type=\"column\">\n\t\t\t<div class=\"elementor-widget-wrap elementor-element-populated\">\n\t\t\t\t\t\t<div class=\"elementor-element elementor-element-7f0b3e4 elementor-widget elementor-widget-image\" data-id=\"7f0b3e4\" data-element_type=\"widget\" data-widget_type=\"image.default\">\n\t\t\t\t<div class=\"elementor-widget-container\">\n\t\t\t\t\t\t\t\t\t\t\t\t\t\t\t<img loading=\"lazy\" decoding=\"async\" width=\"525\" height=\"295\" src=\"https:\/\/yandu.com.tr\/wp-content\/uploads\/2023\/07\/en6-1024x576.png\" class=\"attachment-large size-large wp-image-1361\" alt=\"\" srcset=\"https:\/\/yandu.com.tr\/wp-content\/uploads\/2023\/07\/en6-1024x576.png 1024w, https:\/\/yandu.com.tr\/wp-content\/uploads\/2023\/07\/en6-300x169.png 300w, https:\/\/yandu.com.tr\/wp-content\/uploads\/2023\/07\/en6-768x432.png 768w, https:\/\/yandu.com.tr\/wp-content\/uploads\/2023\/07\/en6-1536x864.png 1536w, https:\/\/yandu.com.tr\/wp-content\/uploads\/2023\/07\/en6.png 1920w\" sizes=\"(max-width: 525px) 100vw, 525px\" \/>\t\t\t\t\t\t\t\t\t\t\t\t\t\t\t<\/div>\n\t\t\t\t<\/div>\n\t\t\t\t\t<\/div>\n\t\t<\/div>\n\t\t\t\t\t<\/div>\n\t\t<\/section>\n\t\t\t\t<section class=\"elementor-section elementor-top-section elementor-element elementor-element-001a562 elementor-section-boxed elementor-section-height-default elementor-section-height-default\" data-id=\"001a562\" data-element_type=\"section\">\n\t\t\t\t\t\t<div class=\"elementor-container elementor-column-gap-custom\">\n\t\t\t\t\t<div class=\"elementor-column elementor-col-25 elementor-top-column elementor-element elementor-element-8e53ef7\" data-id=\"8e53ef7\" data-element_type=\"column\">\n\t\t\t<div class=\"elementor-widget-wrap elementor-element-populated\">\n\t\t\t\t\t\t<div class=\"elementor-element elementor-element-64e8cd0 elementor-widget elementor-widget-image\" data-id=\"64e8cd0\" data-element_type=\"widget\" data-widget_type=\"image.default\">\n\t\t\t\t<div class=\"elementor-widget-container\">\n\t\t\t\t\t\t\t\t\t\t\t\t\t\t\t<img loading=\"lazy\" decoding=\"async\" width=\"525\" height=\"295\" src=\"https:\/\/yandu.com.tr\/wp-content\/uploads\/2023\/07\/en7-1024x576.png\" class=\"attachment-large size-large wp-image-1362\" alt=\"\" srcset=\"https:\/\/yandu.com.tr\/wp-content\/uploads\/2023\/07\/en7-1024x576.png 1024w, https:\/\/yandu.com.tr\/wp-content\/uploads\/2023\/07\/en7-300x169.png 300w, https:\/\/yandu.com.tr\/wp-content\/uploads\/2023\/07\/en7-768x432.png 768w, https:\/\/yandu.com.tr\/wp-content\/uploads\/2023\/07\/en7-1536x864.png 1536w, https:\/\/yandu.com.tr\/wp-content\/uploads\/2023\/07\/en7.png 1920w\" sizes=\"(max-width: 525px) 100vw, 525px\" \/>\t\t\t\t\t\t\t\t\t\t\t\t\t\t\t<\/div>\n\t\t\t\t<\/div>\n\t\t\t\t\t<\/div>\n\t\t<\/div>\n\t\t\t\t<div class=\"elementor-column elementor-col-25 elementor-top-column elementor-element elementor-element-2422570\" data-id=\"2422570\" data-element_type=\"column\">\n\t\t\t<div class=\"elementor-widget-wrap elementor-element-populated\">\n\t\t\t\t\t\t<div class=\"elementor-element elementor-element-44e82ba elementor-widget elementor-widget-image\" data-id=\"44e82ba\" data-element_type=\"widget\" data-widget_type=\"image.default\">\n\t\t\t\t<div class=\"elementor-widget-container\">\n\t\t\t\t\t\t\t\t\t\t\t\t\t\t\t<img loading=\"lazy\" decoding=\"async\" width=\"525\" height=\"295\" src=\"https:\/\/yandu.com.tr\/wp-content\/uploads\/2023\/07\/en9-1024x576.png\" class=\"attachment-large size-large wp-image-1364\" alt=\"\" srcset=\"https:\/\/yandu.com.tr\/wp-content\/uploads\/2023\/07\/en9-1024x576.png 1024w, https:\/\/yandu.com.tr\/wp-content\/uploads\/2023\/07\/en9-300x169.png 300w, https:\/\/yandu.com.tr\/wp-content\/uploads\/2023\/07\/en9-768x432.png 768w, https:\/\/yandu.com.tr\/wp-content\/uploads\/2023\/07\/en9-1536x864.png 1536w, https:\/\/yandu.com.tr\/wp-content\/uploads\/2023\/07\/en9.png 1920w\" sizes=\"(max-width: 525px) 100vw, 525px\" \/>\t\t\t\t\t\t\t\t\t\t\t\t\t\t\t<\/div>\n\t\t\t\t<\/div>\n\t\t\t\t\t<\/div>\n\t\t<\/div>\n\t\t\t\t<div class=\"elementor-column elementor-col-25 elementor-top-column elementor-element elementor-element-385e7eb\" data-id=\"385e7eb\" data-element_type=\"column\">\n\t\t\t<div class=\"elementor-widget-wrap elementor-element-populated\">\n\t\t\t\t\t\t<div class=\"elementor-element elementor-element-d990089 elementor-widget elementor-widget-image\" data-id=\"d990089\" data-element_type=\"widget\" data-widget_type=\"image.default\">\n\t\t\t\t<div class=\"elementor-widget-container\">\n\t\t\t\t\t\t\t\t\t\t\t\t\t\t\t<img loading=\"lazy\" decoding=\"async\" width=\"525\" height=\"295\" src=\"https:\/\/yandu.com.tr\/wp-content\/uploads\/2023\/07\/en10-1024x576.png\" class=\"attachment-large size-large wp-image-1365\" alt=\"\" srcset=\"https:\/\/yandu.com.tr\/wp-content\/uploads\/2023\/07\/en10-1024x576.png 1024w, https:\/\/yandu.com.tr\/wp-content\/uploads\/2023\/07\/en10-300x169.png 300w, https:\/\/yandu.com.tr\/wp-content\/uploads\/2023\/07\/en10-768x432.png 768w, https:\/\/yandu.com.tr\/wp-content\/uploads\/2023\/07\/en10-1536x864.png 1536w, https:\/\/yandu.com.tr\/wp-content\/uploads\/2023\/07\/en10.png 1920w\" sizes=\"(max-width: 525px) 100vw, 525px\" \/>\t\t\t\t\t\t\t\t\t\t\t\t\t\t\t<\/div>\n\t\t\t\t<\/div>\n\t\t\t\t\t<\/div>\n\t\t<\/div>\n\t\t\t\t<div class=\"elementor-column elementor-col-25 elementor-top-column elementor-element elementor-element-d96ffc9\" data-id=\"d96ffc9\" data-element_type=\"column\">\n\t\t\t<div class=\"elementor-widget-wrap elementor-element-populated\">\n\t\t\t\t\t\t<div class=\"elementor-element elementor-element-e500a6f elementor-widget elementor-widget-image\" data-id=\"e500a6f\" data-element_type=\"widget\" data-widget_type=\"image.default\">\n\t\t\t\t<div class=\"elementor-widget-container\">\n\t\t\t\t\t\t\t\t\t\t\t\t\t\t\t<img loading=\"lazy\" decoding=\"async\" width=\"525\" height=\"295\" src=\"https:\/\/yandu.com.tr\/wp-content\/uploads\/2023\/08\/w1-1024x576.png\" class=\"attachment-large size-large wp-image-1382\" alt=\"\" srcset=\"https:\/\/yandu.com.tr\/wp-content\/uploads\/2023\/08\/w1-1024x576.png 1024w, https:\/\/yandu.com.tr\/wp-content\/uploads\/2023\/08\/w1-300x169.png 300w, https:\/\/yandu.com.tr\/wp-content\/uploads\/2023\/08\/w1-768x432.png 768w, https:\/\/yandu.com.tr\/wp-content\/uploads\/2023\/08\/w1.png 1536w\" sizes=\"(max-width: 525px) 100vw, 525px\" \/>\t\t\t\t\t\t\t\t\t\t\t\t\t\t\t<\/div>\n\t\t\t\t<\/div>\n\t\t\t\t\t<\/div>\n\t\t<\/div>\n\t\t\t\t\t<\/div>\n\t\t<\/section>\n\t\t\t\t<section class=\"elementor-section elementor-top-section elementor-element elementor-element-5cfba2e elementor-section-boxed elementor-section-height-default elementor-section-height-default\" data-id=\"5cfba2e\" data-element_type=\"section\">\n\t\t\t\t\t\t<div class=\"elementor-container elementor-column-gap-custom\">\n\t\t\t\t\t<div class=\"elementor-column elementor-col-25 elementor-top-column elementor-element elementor-element-69c1078\" data-id=\"69c1078\" data-element_type=\"column\">\n\t\t\t<div class=\"elementor-widget-wrap\">\n\t\t\t\t\t\t\t<\/div>\n\t\t<\/div>\n\t\t\t\t<div class=\"elementor-column elementor-col-25 elementor-top-column elementor-element elementor-element-9ae8878\" data-id=\"9ae8878\" data-element_type=\"column\">\n\t\t\t<div class=\"elementor-widget-wrap elementor-element-populated\">\n\t\t\t\t\t\t<div class=\"elementor-element elementor-element-ef5ee9b elementor-widget elementor-widget-image\" data-id=\"ef5ee9b\" data-element_type=\"widget\" data-widget_type=\"image.default\">\n\t\t\t\t<div class=\"elementor-widget-container\">\n\t\t\t\t\t\t\t\t\t\t\t\t\t\t\t<img loading=\"lazy\" decoding=\"async\" width=\"525\" height=\"295\" src=\"https:\/\/yandu.com.tr\/wp-content\/uploads\/2023\/08\/w3-1024x576.png\" class=\"attachment-large size-large wp-image-1384\" alt=\"\" srcset=\"https:\/\/yandu.com.tr\/wp-content\/uploads\/2023\/08\/w3-1024x576.png 1024w, https:\/\/yandu.com.tr\/wp-content\/uploads\/2023\/08\/w3-300x169.png 300w, https:\/\/yandu.com.tr\/wp-content\/uploads\/2023\/08\/w3-768x432.png 768w, https:\/\/yandu.com.tr\/wp-content\/uploads\/2023\/08\/w3.png 1536w\" sizes=\"(max-width: 525px) 100vw, 525px\" \/>\t\t\t\t\t\t\t\t\t\t\t\t\t\t\t<\/div>\n\t\t\t\t<\/div>\n\t\t\t\t\t<\/div>\n\t\t<\/div>\n\t\t\t\t<div class=\"elementor-column elementor-col-25 elementor-top-column elementor-element elementor-element-1b06fac\" data-id=\"1b06fac\" data-element_type=\"column\">\n\t\t\t<div class=\"elementor-widget-wrap elementor-element-populated\">\n\t\t\t\t\t\t<div class=\"elementor-element elementor-element-aa21758 elementor-widget elementor-widget-image\" data-id=\"aa21758\" data-element_type=\"widget\" data-widget_type=\"image.default\">\n\t\t\t\t<div class=\"elementor-widget-container\">\n\t\t\t\t\t\t\t\t\t\t\t\t\t\t\t<img loading=\"lazy\" decoding=\"async\" width=\"525\" height=\"295\" src=\"https:\/\/yandu.com.tr\/wp-content\/uploads\/2023\/08\/w2-1024x576.png\" class=\"attachment-large size-large wp-image-1383\" alt=\"\" srcset=\"https:\/\/yandu.com.tr\/wp-content\/uploads\/2023\/08\/w2-1024x576.png 1024w, https:\/\/yandu.com.tr\/wp-content\/uploads\/2023\/08\/w2-300x169.png 300w, https:\/\/yandu.com.tr\/wp-content\/uploads\/2023\/08\/w2-768x432.png 768w, https:\/\/yandu.com.tr\/wp-content\/uploads\/2023\/08\/w2.png 1536w\" sizes=\"(max-width: 525px) 100vw, 525px\" \/>\t\t\t\t\t\t\t\t\t\t\t\t\t\t\t<\/div>\n\t\t\t\t<\/div>\n\t\t\t\t\t<\/div>\n\t\t<\/div>\n\t\t\t\t<div class=\"elementor-column elementor-col-25 elementor-top-column elementor-element elementor-element-38608ba\" data-id=\"38608ba\" data-element_type=\"column\">\n\t\t\t<div class=\"elementor-widget-wrap\">\n\t\t\t\t\t\t\t<\/div>\n\t\t<\/div>\n\t\t\t\t\t<\/div>\n\t\t<\/section>\n\t\t\t\t<\/div>\n\t\t","protected":false},"excerpt":{"rendered":"<p>Kreatif Servislerimiz Profesyonel Hizmetler Web Tasar\u0131m Web Tasar\u0131m ve Sosyal Medya Dan\u0131\u015fmanl\u0131\u011f\u0131 Giyim Pop\u00fcler ve Trend Giyim Haber Online Haber Sitesi Marketing Sat\u0131c\u0131 Ol Kazanan Ol Yemek Bir Birinden Lezzetli Sanswich e-Ticaret Aksesuar Ad\u0131na Her\u015fey Bu Sitede \u015eirketler Grubu<\/p>\n","protected":false},"author":1,"featured_media":0,"parent":0,"menu_order":0,"comment_status":"closed","ping_status":"closed","template":"tpl-default-elementor.php","meta":{"footnotes":""},"class_list":["post-46","page","type-page","status-publish","hentry"],"_links":{"self":[{"href":"https:\/\/yandu.com.tr\/index.php\/wp-json\/wp\/v2\/pages\/46","targetHints":{"allow":["GET"]}}],"collection":[{"href":"https:\/\/yandu.com.tr\/index.php\/wp-json\/wp\/v2\/pages"}],"about":[{"href":"https:\/\/yandu.com.tr\/index.php\/wp-json\/wp\/v2\/types\/page"}],"author":[{"embeddable":true,"href":"https:\/\/yandu.com.tr\/index.php\/wp-json\/wp\/v2\/users\/1"}],"replies":[{"embeddable":true,"href":"https:\/\/yandu.com.tr\/index.php\/wp-json\/wp\/v2\/comments?post=46"}],"version-history":[{"count":25,"href":"https:\/\/yandu.com.tr\/index.php\/wp-json\/wp\/v2\/pages\/46\/revisions"}],"predecessor-version":[{"id":1412,"href":"https:\/\/yandu.com.tr\/index.php\/wp-json\/wp\/v2\/pages\/46\/revisions\/1412"}],"wp:attachment":[{"href":"https:\/\/yandu.com.tr\/index.php\/wp-json\/wp\/v2\/media?parent=46"}],"curies":[{"name":"wp","href":"https:\/\/api.w.org\/{rel}","templated":true}]}}